{"id":1363,"date":"2026-02-06T12:29:24","date_gmt":"2026-02-06T12:29:24","guid":{"rendered":"https:\/\/camzey.us\/?page_id=1363"},"modified":"2026-04-14T15:23:12","modified_gmt":"2026-04-14T15:23:12","slug":"instacams","status":"publish","type":"page","link":"https:\/\/camzey.us\/de\/instacams\/","title":{"rendered":"InstaCams"},"content":{"rendered":"<style>\n\/* --- Brand Variables --- *\/\n:root {\n  --camzey-pink: #ff007f;\n  --camzey-pink-hover: #ff1a8c;\n}\n\n\/* Updated Wrap to handle centering and justification *\/\n.camzey-review-wrap {\n  font-family: system-ui, -apple-system, Segoe UI, Roboto, Arial, sans-serif;\n  line-height: 1.6;\n  color: #111;\n  margin: 24px 0;\n  display: flex;\n  justify-content: center; \/* Centers the card horizontally *\/\n}\n\n.camzey-review-card {\n  border: 1px solid #e7e7e7;\n  border-radius: 16px;\n  padding: 22px;\n  background: #fff;\n  box-shadow: 0 6px 18px rgba(0,0,0,.05);\n  max-width: 800px; \/* Prevents the card from becoming too wide *\/\n  width: 100%;\n  margin: 0 auto;\n}\n\n.camzey-review-title { font-size: 28px; line-height: 1.2; margin: 0 0 10px; }\n\n\/* Applying text justification *\/\n.camzey-review-intro, .camzey-review-card p { \n  margin: 0 0 18px; \n  color: #333; \n  text-align: justify; \n}\n\n.camzey-review-grid { display: grid; grid-template-columns: repeat(2, minmax(0, 1fr)); gap: 12px; margin: 14px 0 8px; }\n.camzey-pill { border: 1px solid #ececec; border-radius: 12px; padding: 12px; }\n.camzey-pill b { display: block; font-size: 12px; letter-spacing: .04em; text-transform: uppercase; color: #666; margin-bottom: 4px; }\n.camzey-rating { font-size: 18px; }\n.camzey-review-h2 { font-size: 20px; margin: 22px 0 10px; }\n.camzey-list { padding-left: 18px; margin: 10px 0; list-style-type: none; }\n.camzey-procons { display: grid; grid-template-columns: repeat(2, minmax(0, 1fr)); gap: 14px; margin-top: 10px; }\n.camzey-pros, .camzey-cons { border: 1px solid #ececec; border-radius: 14px; padding: 14px; }\n.camzey-pros h3, .camzey-cons h3 { margin: 0 0 8px; font-size: 16px; }\n.camzey-pros h3 { color: #0a7a2f; }\n.camzey-cons h3 { color: #b00020; }\n\n.camzey-callout { border-radius: 16px; padding: 24px; background: #fff0f7; border: 1px solid #ffdaec; margin-top: 18px; text-align: center; }\n.camzey-note { font-size: 12.5px; color: #666; margin-top: 14px; }\n\n.camzey-cta {\n  display: inline-flex;\n  align-items: center;\n  justify-content: center;\n  margin-top: 16px;\n  padding: 14px 42px;\n  border-radius: 999px;\n  background: var(--camzey-pink);\n  color: #fff !important;\n  text-decoration: none;\n  font-weight: 700;\n  font-size: 18px;\n  box-shadow: 0 8px 18px rgba(255, 0, 127, 0.3);\n  transition: transform 160ms ease, box-shadow 160ms ease, filter 160ms ease;\n  border: none;\n  cursor: pointer;\n}\n\n.camzey-cta:hover {\n  transform: translateY(-2px);\n  box-shadow: 0 12px 24px rgba(255, 0, 127, 0.4);\n  filter: brightness(1.1);\n}\n\n.text-pink { color: var(--camzey-pink); font-weight: 600; }\n\n@media (max-width:700px){\n  .camzey-review-grid, .camzey-procons { grid-template-columns: 1fr; }\n  .camzey-review-title { font-size: 24px; }\n  .camzey-cta { width: 100%; padding: 14px 20px; }\n}\n<\/style>\n\n<div class=\"camzey-review-wrap\">\n  <div class=\"camzey-review-card\">\n\n    <h1 class=\"camzey-review-title\">InstaCams<\/h1>\n    <p class=\"camzey-review-intro\">\n      InstaCams ist ein browserbasierter Videochat-Hub, der f\u00fcr diejenigen entwickelt wurde, die sofortige 1:1-Verbindungen ohne l\u00e4stige App-Downloads oder lange Anmeldeformulare w\u00fcnschen. Es konzentriert sich auf Themenr\u00e4ume und Schnellfeuer-Paarungen, was es zu einer beliebten Wahl f\u00fcr schnelle soziale Interaktionen macht.\n    <\/p>\n\n    <div class=\"camzey-review-grid\">\n      <div class=\"camzey-pill\">\n        <b>Am besten f\u00fcr<\/b>\n        <span>Sofortiger, anonymer browserbasierter Videochat und Themenr\u00e4ume<\/span>\n      <\/div>\n      <div class=\"camzey-pill\">\n        <b>Altersbeschr\u00e4nkung<\/b>\n        <span>18+ (Gemeinschaft f\u00fcr Erwachsene)<\/span>\n      <\/div>\n      <div class=\"camzey-pill\">\n        <b>Registrieren Sie sich<\/b>\n        <span>Optional (Gastmodus f\u00fcr einfachen Chat verf\u00fcgbar)<\/span>\n      <\/div>\n      <div class=\"camzey-pill\">\n        <b>Unsere Bewertung<\/b>\n        <span class=\"camzey-rating\">\u2605\u2605\u2605\u2606\u2606<\/span>\n      <\/div>\n    <\/div>\n\n    <h2 class=\"camzey-review-h2\">Was ist InstaCams im Jahr 2026?<\/h2>\n    <p>\n      InstaCams ist eine Video-Chat-Plattform ohne Download, die Nutzer f\u00fcr Live-Webcam-Gespr\u00e4che zusammenbringt. Im Jahr 2026 bleibt es ein Grundnahrungsmittel f\u00fcr Benutzer, die <b>Themen-Chatr\u00e4ume<\/b>-wie College, Reisen oder Musik - \u00fcber rein zuf\u00e4llige Algorithmen. G\u00e4ste sind zwar willkommen, aber die Registrierung eines Kontos schaltet dauerhafte Nicknames und erweiterte Filteroptionen frei. Es ist speziell f\u00fcr Erwachsene konzipiert und bietet eine mehr auf die Gemeinschaft ausgerichtete Atmosph\u00e4re als der Wildwest-Stil der traditionellen Chat-Roulettes.\n    <\/p>\n\n    <h2 class=\"camzey-review-h2\">Wesentliche Merkmale<\/h2>\n    <ul class=\"camzey-list\">\n      <li>Thematische Chat-R\u00e4ume: Treten Sie bestimmten R\u00e4umen auf der Grundlage Ihrer Interessen bei, um kompatible Partner zu finden.<\/li>\n      <li>Gastzugang: Nehmen Sie sofort an einem Videoanruf teil, ohne eine E-Mail oder ein soziales Login anzugeben.<\/li>\n      <li>Filter f\u00fcr Land und Geschlecht: Passen Sie Ihre Treffer auf bestimmte demografische Merkmale an (Premium-Konto f\u00fcr vollen Zugriff erforderlich).<\/li>\n      <li>Sofortige Skip-Funktion: Mit einem Klick k\u00f6nnen Sie durch die Partner navigieren, bis Sie einen passenden Partner gefunden haben.<\/li>\n      <li>Integrierter Text-Chat: Verwenden Sie Text und Emojis neben Ihrem Video-Feed f\u00fcr eine bessere Kommunikation.<\/li>\n      <li>Web First Design: Optimiert f\u00fcr Chrome, Safari und Firefox auf Desktop- und Mobilger\u00e4ten.<\/li>\n    <\/ul>\n\n    <div class=\"camzey-procons\">\n      <div class=\"camzey-pros\">\n        <h3>Profis<\/h3>\n        <ul class=\"camzey-list\">\n          <li>Extrem schnell - verbindet Sie in Sekundenschnelle mit einem Live-Partner.<\/li>\n          <li>Keine Probleme mit dem Speicherplatz: Funktioniert vollst\u00e4ndig \u00fcber den Browser ohne App.<\/li>\n          <li>Thematische R\u00e4ume helfen, nach bestimmten Gespr\u00e4chsthemen zu filtern.<\/li>\n          <li>F\u00fcr die wichtigsten Videochat-Funktionen ist die Nutzung kostenlos.<\/li>\n          <li>Einfache, minimalistische Oberfl\u00e4che, die nicht vom Chat ablenkt.<\/li>\n        <\/ul>\n      <\/div>\n      <div class=\"camzey-cons\">\n        <h3>Nachteile<\/h3>\n        <ul class=\"camzey-list\">\n          <li>Einfache Moderation: Geringeres Sicherheitsniveau im Vergleich zu Plattformen mit KI-gesteuerter Echtzeit-Unsch\u00e4rfe.<\/li>\n          <li>Werbung kann f\u00fcr Gastnutzer zwischen den Spielen aufdringlich sein.<\/li>\n          <li>Da es keine spezielle mobile Anwendung gibt, sind Sie auf die Browser-Berechtigungen angewiesen.<\/li>\n          <li>Die erweiterte Filterung ist oft hinter einer Registrierungswand verschlossen.<\/li>\n          <li>H\u00f6heres Risiko, auf schwarze Bildschirme oder vorab aufgezeichnete Bots zu sto\u00dfen.<\/li>\n        <\/ul>\n      <\/div>\n    <\/div>\n\n    <h2 class=\"camzey-review-h2\">Ist InstaCams sicher?<\/h2>\n    <p>\n      InstaCams st\u00fctzt sich auf eine <b>Reaktives Moderationsmodell<\/b>, Das bedeutet, dass die Nutzer aktiv schlechtes Verhalten melden m\u00fcssen, damit Ma\u00dfnahmen ergriffen werden k\u00f6nnen. Um im Jahr 2026 auf InstaCams sicher zu sein, muss die Sicherheit an erster Stelle stehen. Seien Sie besonders vorsichtig bei Nutzern, die sich nicht registriert haben, vermeiden Sie es, identifizierbare Gegenst\u00e4nde in Ihrem Hintergrund zu zeigen, und klicken Sie sofort auf \"\u00dcberspringen\", wenn Ihnen ein Nutzer unangenehm ist.\n    <\/p>\n\n    <h2 class=\"camzey-review-h2\">InstaCams vs. <span class=\"text-pink\">Camzey.us<\/span><\/h2>\n    <ul class=\"camzey-list\">\n      <li><b>Anonymit\u00e4t:<\/b> <b class=\"text-pink\">Camzey.us<\/b> bietet 100% anonymen Gastzugang; InstaCams bittet um Registrierung f\u00fcr den vollen Funktionsumfang.<\/li>\n      <li><b>Moderation:<\/b> <b class=\"text-pink\">Camzey.us<\/b> nutzt fortschrittliche KI in Echtzeit, um unangemessene Inhalte zu verhindern <i>vor<\/i> Sie sehen es.<\/li>\n      <li><b>Erfahrung:<\/b> <b class=\"text-pink\">Camzey.us<\/b> enth\u00e4lt moderne Extras wie Live-\u00dcbersetzung und kreative Videoeffekte von Haus aus.<\/li>\n      <li><b>Schnittstelle:<\/b> <b class=\"text-pink\">Camzey.us<\/b> bietet ein werbefreies, erstklassiges Erlebnis ohne erzwungene Upsells f\u00fcr Datenschutzkontrollen.<\/li>\n    <\/ul>\n\n    <div class=\"camzey-callout\">\n      <h2 class=\"camzey-review-h2\" style=\"margin-top:0\">M\u00f6chten Sie eine moderne und sichere Art, Fremde zu treffen?<\/h2>\n      <p style=\"margin:0\">\n        InstaCams ist einfach und kostenlos zu starten. Aber wenn Sie eine <b>wirklich sicher, privat und kreativ<\/b> Chat-Umgebung - keine Anmeldung erforderlich -<b class=\"text-pink\">Camzey.us<\/b> ist Ihre Wahl der n\u00e4chsten Generation.\n      <\/p>\n      <a class=\"camzey-cta\" href=\"https:\/\/camzey.us\/de\/cs\/\" target=\"_blank\" rel=\"noopener noreferrer\">Dem Chat beitreten<\/a>\n      <div class=\"camzey-note\">\ud83d\udd12 Moderner, sicherer und anonymer Zufalls-Videochat - keine Anmeldung erforderlich!<\/div>\n    <\/div>\n\n  <\/div>\n<\/div>","protected":false},"excerpt":{"rendered":"<p>InstaCams InstaCams is a browser based video chat hub designed for those who want instant, 1 on 1 connections without the hassle of app downloads or long sign up forms. It focuses on themed rooms and rapid fire pairing, making it a popular choice for quick social interactions. Best for Instant, anonymous browser based video [&hellip;]<\/p>\n","protected":false},"author":2,"featured_media":0,"parent":0,"menu_order":0,"comment_status":"closed","ping_status":"closed","template":"","meta":{"om_disable_all_campaigns":false,"_monsterinsights_skip_tracking":false,"_monsterinsights_sitenote_active":false,"_monsterinsights_sitenote_note":"","_monsterinsights_sitenote_category":0,"site-sidebar-layout":"default","site-content-layout":"","ast-site-content-layout":"default","site-content-style":"default","site-sidebar-style":"default","ast-global-header-display":"","ast-banner-title-visibility":"","ast-main-header-display":"","ast-hfb-above-header-display":"","ast-hfb-below-header-display":"","ast-hfb-mobile-header-display":"","site-post-title":"","ast-breadcrumbs-content":"","ast-featured-img":"","footer-sml-layout":"","ast-disable-related-posts":"","theme-transparent-header-meta":"","adv-header-id-meta":"","stick-header-meta":"","header-above-stick-meta":"","header-main-stick-meta":"","header-below-stick-meta":"","astra-migrate-meta-layouts":"set","ast-page-background-enabled":"default","ast-page-background-meta":{"desktop":{"background-color":"","background-image":"","background-repeat":"repeat","background-position":"center center","background-size":"auto","background-attachment":"scroll","background-type":"","background-media":"","overlay-type":"","overlay-color":"","overlay-opacity":"","overlay-gradient":""},"tablet":{"background-color":"","background-image":"","background-repeat":"repeat","background-position":"center center","background-size":"auto","background-attachment":"scroll","background-type":"","background-media":"","overlay-type":"","overlay-color":"","overlay-opacity":"","overlay-gradient":""},"mobile":{"background-color":"","background-image":"","background-repeat":"repeat","background-position":"center center","background-size":"auto","background-attachment":"scroll","background-type":"","background-media":"","overlay-type":"","overlay-color":"","overlay-opacity":"","overlay-gradient":""}},"ast-content-background-meta":{"desktop":{"background-color":"var(--ast-global-color-5)","background-image":"","background-repeat":"repeat","background-position":"center center","background-size":"auto","background-attachment":"scroll","background-type":"","background-media":"","overlay-type":"","overlay-color":"","overlay-opacity":"","overlay-gradient":""},"tablet":{"background-color":"var(--ast-global-color-5)","background-image":"","background-repeat":"repeat","background-position":"center center","background-size":"auto","background-attachment":"scroll","background-type":"","background-media":"","overlay-type":"","overlay-color":"","overlay-opacity":"","overlay-gradient":""},"mobile":{"background-color":"var(--ast-global-color-5)","background-image":"","background-repeat":"repeat","background-position":"center center","background-size":"auto","background-attachment":"scroll","background-type":"","background-media":"","overlay-type":"","overlay-color":"","overlay-opacity":"","overlay-gradient":""}},"footnotes":""},"class_list":["post-1363","page","type-page","status-publish","hentry"],"yoast_head":"<!-- This site is optimized with the Yoast SEO plugin v27.4 - https:\/\/yoast.com\/product\/yoast-seo-wordpress\/ -->\n<title>InstaCams - camzey.us<\/title>\n<meta name=\"description\" content=\"InstaCams review \u2013 Features, pros &amp; cons, safety tips, and why Camzey.us is the top private, modern alternative for random video chat online.\" \/>\n<meta name=\"robots\" content=\"index, follow, max-snippet:-1, max-image-preview:large, max-video-preview:-1\" \/>\n<link rel=\"canonical\" href=\"https:\/\/camzey.us\/de\/instacams\/\" \/>\n<meta property=\"og:locale\" content=\"de_DE\" \/>\n<meta property=\"og:type\" content=\"article\" \/>\n<meta property=\"og:title\" content=\"InstaCams - camzey.us\" \/>\n<meta property=\"og:description\" content=\"InstaCams review \u2013 Features, pros &amp; cons, safety tips, and why Camzey.us is the top private, modern alternative for random video chat online.\" \/>\n<meta property=\"og:url\" content=\"https:\/\/camzey.us\/de\/instacams\/\" \/>\n<meta property=\"og:site_name\" content=\"camzey.us\" \/>\n<meta property=\"article:modified_time\" content=\"2026-04-14T15:23:12+00:00\" \/>\n<meta name=\"twitter:card\" content=\"summary_large_image\" \/>\n<meta name=\"twitter:label1\" content=\"Gesch\u00e4tzte Lesezeit\" \/>\n\t<meta name=\"twitter:data1\" content=\"3\u00a0Minuten\" \/>\n<script type=\"application\/ld+json\" class=\"yoast-schema-graph\">{\"@context\":\"https:\\\/\\\/schema.org\",\"@graph\":[{\"@type\":\"WebPage\",\"@id\":\"https:\\\/\\\/camzey.us\\\/instacams\\\/\",\"url\":\"https:\\\/\\\/camzey.us\\\/instacams\\\/\",\"name\":\"InstaCams - camzey.us\",\"isPartOf\":{\"@id\":\"https:\\\/\\\/camzey.us\\\/#website\"},\"datePublished\":\"2026-02-06T12:29:24+00:00\",\"dateModified\":\"2026-04-14T15:23:12+00:00\",\"description\":\"InstaCams review \u2013 Features, pros & cons, safety tips, and why Camzey.us is the top private, modern alternative for random video chat online.\",\"breadcrumb\":{\"@id\":\"https:\\\/\\\/camzey.us\\\/instacams\\\/#breadcrumb\"},\"inLanguage\":\"de\",\"potentialAction\":[{\"@type\":\"ReadAction\",\"target\":[\"https:\\\/\\\/camzey.us\\\/instacams\\\/\"]}]},{\"@type\":\"BreadcrumbList\",\"@id\":\"https:\\\/\\\/camzey.us\\\/instacams\\\/#breadcrumb\",\"itemListElement\":[{\"@type\":\"ListItem\",\"position\":1,\"name\":\"Home\",\"item\":\"https:\\\/\\\/camzey.us\\\/\"},{\"@type\":\"ListItem\",\"position\":2,\"name\":\"InstaCams\"}]},{\"@type\":\"WebSite\",\"@id\":\"https:\\\/\\\/camzey.us\\\/#website\",\"url\":\"https:\\\/\\\/camzey.us\\\/\",\"name\":\"camzey.us\",\"description\":\"\",\"potentialAction\":[{\"@type\":\"SearchAction\",\"target\":{\"@type\":\"EntryPoint\",\"urlTemplate\":\"https:\\\/\\\/camzey.us\\\/?s={search_term_string}\"},\"query-input\":{\"@type\":\"PropertyValueSpecification\",\"valueRequired\":true,\"valueName\":\"search_term_string\"}}],\"inLanguage\":\"de\"}]}<\/script>\n<!-- \/ Yoast SEO plugin. -->","yoast_head_json":{"title":"InstaCams - camzey.us","description":"InstaCams Bewertung - Funktionen, Vor- und Nachteile, Sicherheitstipps und warum Camzey.us die beste private, moderne Alternative f\u00fcr zuf\u00e4llige Online-Videochats ist.","robots":{"index":"index","follow":"follow","max-snippet":"max-snippet:-1","max-image-preview":"max-image-preview:large","max-video-preview":"max-video-preview:-1"},"canonical":"https:\/\/camzey.us\/de\/instacams\/","og_locale":"de_DE","og_type":"article","og_title":"InstaCams - camzey.us","og_description":"InstaCams review \u2013 Features, pros & cons, safety tips, and why Camzey.us is the top private, modern alternative for random video chat online.","og_url":"https:\/\/camzey.us\/de\/instacams\/","og_site_name":"camzey.us","article_modified_time":"2026-04-14T15:23:12+00:00","twitter_card":"summary_large_image","twitter_misc":{"Gesch\u00e4tzte Lesezeit":"3\u00a0Minuten"},"schema":{"@context":"https:\/\/schema.org","@graph":[{"@type":"WebPage","@id":"https:\/\/camzey.us\/instacams\/","url":"https:\/\/camzey.us\/instacams\/","name":"InstaCams - camzey.us","isPartOf":{"@id":"https:\/\/camzey.us\/#website"},"datePublished":"2026-02-06T12:29:24+00:00","dateModified":"2026-04-14T15:23:12+00:00","description":"InstaCams Bewertung - Funktionen, Vor- und Nachteile, Sicherheitstipps und warum Camzey.us die beste private, moderne Alternative f\u00fcr zuf\u00e4llige Online-Videochats ist.","breadcrumb":{"@id":"https:\/\/camzey.us\/instacams\/#breadcrumb"},"inLanguage":"de","potentialAction":[{"@type":"ReadAction","target":["https:\/\/camzey.us\/instacams\/"]}]},{"@type":"BreadcrumbList","@id":"https:\/\/camzey.us\/instacams\/#breadcrumb","itemListElement":[{"@type":"ListItem","position":1,"name":"Home","item":"https:\/\/camzey.us\/"},{"@type":"ListItem","position":2,"name":"InstaCams"}]},{"@type":"WebSite","@id":"https:\/\/camzey.us\/#website","url":"https:\/\/camzey.us\/","name":"camzey.us","description":"","potentialAction":[{"@type":"SearchAction","target":{"@type":"EntryPoint","urlTemplate":"https:\/\/camzey.us\/?s={search_term_string}"},"query-input":{"@type":"PropertyValueSpecification","valueRequired":true,"valueName":"search_term_string"}}],"inLanguage":"de"}]}},"_hostinger_reach_plugin_has_subscription_block":false,"_hostinger_reach_plugin_is_elementor":false,"_links":{"self":[{"href":"https:\/\/camzey.us\/de\/wp-json\/wp\/v2\/pages\/1363","targetHints":{"allow":["GET"]}}],"collection":[{"href":"https:\/\/camzey.us\/de\/wp-json\/wp\/v2\/pages"}],"about":[{"href":"https:\/\/camzey.us\/de\/wp-json\/wp\/v2\/types\/page"}],"author":[{"embeddable":true,"href":"https:\/\/camzey.us\/de\/wp-json\/wp\/v2\/users\/2"}],"replies":[{"embeddable":true,"href":"https:\/\/camzey.us\/de\/wp-json\/wp\/v2\/comments?post=1363"}],"version-history":[{"count":4,"href":"https:\/\/camzey.us\/de\/wp-json\/wp\/v2\/pages\/1363\/revisions"}],"predecessor-version":[{"id":1891,"href":"https:\/\/camzey.us\/de\/wp-json\/wp\/v2\/pages\/1363\/revisions\/1891"}],"wp:attachment":[{"href":"https:\/\/camzey.us\/de\/wp-json\/wp\/v2\/media?parent=1363"}],"curies":[{"name":"wp","href":"https:\/\/api.w.org\/{rel}","templated":true}]}}