{"id":1188,"date":"2026-02-02T19:16:21","date_gmt":"2026-02-02T19:16:21","guid":{"rendered":"https:\/\/camzey.us\/about\/"},"modified":"2026-03-18T14:13:55","modified_gmt":"2026-03-18T14:13:55","slug":"about","status":"publish","type":"page","link":"https:\/\/camzey.us\/fr\/about\/","title":{"rendered":"A propos de"},"content":{"rendered":"<div data-elementor-type=\"wp-page\" data-elementor-id=\"1188\" class=\"elementor elementor-1188\" data-elementor-settings=\"{&quot;ha_cmc_init_switcher&quot;:&quot;no&quot;}\" data-elementor-post-type=\"page\">\n\t\t\t\t<div class=\"elementor-element elementor-element-2cf5aff e-flex e-con-boxed e-con e-parent\" data-id=\"2cf5aff\" data-element_type=\"container\" data-e-type=\"container\" data-settings=\"{&quot;background_background&quot;:&quot;classic&quot;,&quot;_ha_eqh_enable&quot;:false}\">\n\t\t\t\t\t<div class=\"e-con-inner\">\n\t\t<div class=\"elementor-element elementor-element-9bda5d9 e-con-full e-flex e-con e-child\" data-id=\"9bda5d9\" data-element_type=\"container\" data-e-type=\"container\" data-settings=\"{&quot;_ha_eqh_enable&quot;:false}\">\n\t\t\t\t<div class=\"elementor-element elementor-element-7efc4f9 elementor-widget elementor-widget-heading\" data-id=\"7efc4f9\" data-element_type=\"widget\" data-e-type=\"widget\" data-widget_type=\"heading.default\">\n\t\t\t\t<div class=\"elementor-widget-container\">\n\t\t\t\t\t<h1 class=\"elementor-heading-title elementor-size-default\">\u00c0 propos de nous<\/h1>\t\t\t\t<\/div>\n\t\t\t\t<\/div>\n\t\t\t\t<\/div>\n\t\t\t\t\t<\/div>\n\t\t\t\t<\/div>\n\t\t<div class=\"elementor-element elementor-element-d3bfd08 e-flex e-con-boxed e-con e-parent\" data-id=\"d3bfd08\" data-element_type=\"container\" data-e-type=\"container\" data-settings=\"{&quot;background_background&quot;:&quot;classic&quot;,&quot;_ha_eqh_enable&quot;:false}\">\n\t\t\t\t\t<div class=\"e-con-inner\">\n\t\t<div class=\"elementor-element elementor-element-79001a7 e-flex e-con-boxed e-con e-child\" data-id=\"79001a7\" data-element_type=\"container\" data-e-type=\"container\" data-settings=\"{&quot;_ha_eqh_enable&quot;:false}\">\n\t\t\t\t\t<div class=\"e-con-inner\">\n\t\t<div class=\"elementor-element elementor-element-b0c1c43 e-flex e-con-boxed e-con e-child\" data-id=\"b0c1c43\" data-element_type=\"container\" data-e-type=\"container\" data-settings=\"{&quot;_ha_eqh_enable&quot;:false}\">\n\t\t\t\t\t<div class=\"e-con-inner\">\n\t\t<div class=\"elementor-element elementor-element-7121f77 e-con-full e-flex e-con e-child\" data-id=\"7121f77\" data-element_type=\"container\" data-e-type=\"container\" data-settings=\"{&quot;_ha_eqh_enable&quot;:false}\">\n\t\t\t\t<div class=\"elementor-element elementor-element-f1974fe elementor-widget elementor-widget-heading\" data-id=\"f1974fe\" data-element_type=\"widget\" data-e-type=\"widget\" data-widget_type=\"heading.default\">\n\t\t\t\t<div class=\"elementor-widget-container\">\n\t\t\t\t\t<h2 class=\"elementor-heading-title elementor-size-default\">Nous mettons en relation des personnes \u00e0 la recherche d'amour, d'amiti\u00e9 et de vraies conversations.<\/h2>\t\t\t\t<\/div>\n\t\t\t\t<\/div>\n\t\t\t\t<div class=\"elementor-element elementor-element-404eb4d elementor-drop-cap-yes elementor-drop-cap-view-default elementor-widget elementor-widget-text-editor\" data-id=\"404eb4d\" data-element_type=\"widget\" data-e-type=\"widget\" data-settings=\"{&quot;drop_cap&quot;:&quot;yes&quot;}\" data-widget_type=\"text-editor.default\">\n\t\t\t\t<div class=\"elementor-widget-container\">\n\t\t\t\t\t\t\t\t\t<p>Bienvenue \u00e0 <a href=\"https:\/\/camzey.us\/fr\/\">Camzey<\/a>- Camzey est votre portail pour rencontrer de nouvelles personnes, cr\u00e9er des liens et explorer le monde de la rencontre vid\u00e9o en ligne. Dans une \u00e8re num\u00e9rique o\u00f9 les interactions r\u00e9elles et significatives sont plus importantes que jamais, Camzey rassemble des c\u00e9libataires de tous horizons, rendant facile et amusante la recherche de votre prochain partenaire.<\/p>\t\t\t\t\t\t\t\t<\/div>\n\t\t\t\t<\/div>\n\t\t\t\t<\/div>\n\t\t\t\t\t<\/div>\n\t\t\t\t<\/div>\n\t\t<div class=\"elementor-element elementor-element-f06038d e-flex e-con-boxed e-con e-child\" data-id=\"f06038d\" data-element_type=\"container\" data-e-type=\"container\" data-settings=\"{&quot;_ha_eqh_enable&quot;:false}\">\n\t\t\t\t\t<div class=\"e-con-inner\">\n\t\t<div class=\"elementor-element elementor-element-5bfef27 e-con-full e-flex e-con e-child\" data-id=\"5bfef27\" data-element_type=\"container\" data-e-type=\"container\" data-settings=\"{&quot;_ha_eqh_enable&quot;:false}\">\n\t\t\t\t<div class=\"elementor-element elementor-element-7621c10 elementor-widget elementor-widget-heading\" data-id=\"7621c10\" data-element_type=\"widget\" data-e-type=\"widget\" data-widget_type=\"heading.default\">\n\t\t\t\t<div class=\"elementor-widget-container\">\n\t\t\t\t\t<h6 class=\"elementor-heading-title elementor-size-default\">Notre mission<\/h6>\t\t\t\t<\/div>\n\t\t\t\t<\/div>\n\t\t\t\t<div class=\"elementor-element elementor-element-aa1e9b0 elementor-widget elementor-widget-heading\" data-id=\"aa1e9b0\" data-element_type=\"widget\" data-e-type=\"widget\" data-widget_type=\"heading.default\">\n\t\t\t\t<div class=\"elementor-widget-container\">\n\t\t\t\t\t<h6 class=\"elementor-heading-title elementor-size-default\">Chez Camzey, notre mission est de rendre les rencontres agr\u00e9ables, s\u00fbres et sans effort. Nous savons que trouver la bonne personne peut s'av\u00e9rer difficile avec la multitude de plateformes existantes. C'est pourquoi nous avons cr\u00e9\u00e9 Camzey - pour vous donner un moyen rafra\u00eechissant et convivial de vous connecter avec d'autres personnes par le biais de chats vid\u00e9o al\u00e9atoires, que vous cherchiez de nouveaux amis, une conversation d\u00e9contract\u00e9e ou une \u00e9tincelle romantique.<\/h6>\t\t\t\t<\/div>\n\t\t\t\t<\/div>\n\t\t\t\t<\/div>\n\t\t\t\t\t<\/div>\n\t\t\t\t<\/div>\n\t\t<div class=\"elementor-element elementor-element-fa4dfc4 e-con-full e-flex e-con e-child\" data-id=\"fa4dfc4\" data-element_type=\"container\" data-e-type=\"container\" data-settings=\"{&quot;_ha_eqh_enable&quot;:false}\">\n\t\t<div class=\"elementor-element elementor-element-cdf1933 e-con-full e-flex e-con e-child\" data-id=\"cdf1933\" data-element_type=\"container\" data-e-type=\"container\" data-settings=\"{&quot;_ha_eqh_enable&quot;:false}\">\n\t\t\t\t<div class=\"elementor-element elementor-element-1f56745 elementor-widget elementor-widget-image\" data-id=\"1f56745\" data-element_type=\"widget\" data-e-type=\"widget\" data-widget_type=\"image.default\">\n\t\t\t\t<div class=\"elementor-widget-container\">\n\t\t\t\t\t\t\t\t\t\t\t\t\t\t\t<img fetchpriority=\"high\" decoding=\"async\" width=\"2560\" height=\"1707\" src=\"https:\/\/camzey.us\/wp-content\/uploads\/2026\/02\/couple-love-scaled.jpg\" class=\"attachment-full size-full wp-image-1587\" alt=\"Couple Love Scaled\" srcset=\"https:\/\/camzey.us\/wp-content\/uploads\/2026\/02\/couple-love-scaled.jpg 2560w, https:\/\/camzey.us\/wp-content\/uploads\/2026\/02\/couple-love-300x200.jpg 300w, https:\/\/camzey.us\/wp-content\/uploads\/2026\/02\/couple-love-1024x683.jpg 1024w, https:\/\/camzey.us\/wp-content\/uploads\/2026\/02\/couple-love-768x512.jpg 768w, https:\/\/camzey.us\/wp-content\/uploads\/2026\/02\/couple-love-1536x1024.jpg 1536w, https:\/\/camzey.us\/wp-content\/uploads\/2026\/02\/couple-love-2048x1365.jpg 2048w\" sizes=\"(max-width: 2560px) 100vw, 2560px\" title=\"A propos de\">\t\t\t\t\t\t\t\t\t\t\t\t\t\t\t<\/div>\n\t\t\t\t<\/div>\n\t\t\t\t<\/div>\n\t\t\t\t<\/div>\n\t\t\t\t\t<\/div>\n\t\t\t\t<\/div>\n\t\t\t\t\t<\/div>\n\t\t\t\t<\/div>\n\t\t<div class=\"elementor-element elementor-element-99c80c7 e-flex e-con-boxed e-con e-parent\" data-id=\"99c80c7\" data-element_type=\"container\" data-e-type=\"container\" data-settings=\"{&quot;background_background&quot;:&quot;gradient&quot;,&quot;_ha_eqh_enable&quot;:false}\">\n\t\t\t\t\t<div class=\"e-con-inner\">\n\t\t<div class=\"elementor-element elementor-element-3320398 e-con-full e-flex e-con e-child\" data-id=\"3320398\" data-element_type=\"container\" data-e-type=\"container\" data-settings=\"{&quot;_ha_eqh_enable&quot;:false}\">\n\t\t<div class=\"elementor-element elementor-element-9bc7226 e-con-full e-flex e-con e-child\" data-id=\"9bc7226\" data-element_type=\"container\" data-e-type=\"container\" data-settings=\"{&quot;_ha_eqh_enable&quot;:false}\">\n\t\t<div class=\"elementor-element elementor-element-253a831 e-con-full e-flex e-con e-child\" data-id=\"253a831\" data-element_type=\"container\" data-e-type=\"container\" data-settings=\"{&quot;_ha_eqh_enable&quot;:false}\">\n\t\t\t\t<div class=\"elementor-element elementor-element-646ae3b elementor-widget elementor-widget-heading\" data-id=\"646ae3b\" data-element_type=\"widget\" data-e-type=\"widget\" data-widget_type=\"heading.default\">\n\t\t\t\t<div class=\"elementor-widget-container\">\n\t\t\t\t\t<h6 class=\"elementor-heading-title elementor-size-default\">Pourquoi nous<\/h6>\t\t\t\t<\/div>\n\t\t\t\t<\/div>\n\t\t\t\t<div class=\"elementor-element elementor-element-0af18a9 elementor-widget elementor-widget-heading\" data-id=\"0af18a9\" data-element_type=\"widget\" data-e-type=\"widget\" data-widget_type=\"heading.default\">\n\t\t\t\t<div class=\"elementor-widget-container\">\n\t\t\t\t\t<h3 class=\"elementor-heading-title elementor-size-default\">Trouvez des liens utiles \u00e0 tout moment et en tout lieu !<\/h3>\t\t\t\t<\/div>\n\t\t\t\t<\/div>\n\t\t\t\t<\/div>\n\t\t<div class=\"elementor-element elementor-element-c744635 e-con-full e-flex e-con e-child\" data-id=\"c744635\" data-element_type=\"container\" data-e-type=\"container\" data-settings=\"{&quot;_ha_eqh_enable&quot;:false}\">\n\t\t\t\t<div class=\"elementor-element elementor-element-4901ff0 elementor-position-inline-start elementor-view-default elementor-mobile-position-block-start elementor-widget elementor-widget-icon-box\" data-id=\"4901ff0\" data-element_type=\"widget\" data-e-type=\"widget\" data-widget_type=\"icon-box.default\">\n\t\t\t\t<div class=\"elementor-widget-container\">\n\t\t\t\t\t\t\t<div class=\"elementor-icon-box-wrapper\">\n\n\t\t\t\t\t\t<div class=\"elementor-icon-box-icon\">\n\t\t\t\t<span  class=\"elementor-icon\">\n\t\t\t\t<i aria-hidden=\"true\" class=\"fas fa-arrow-right\"><\/i>\t\t\t\t<\/span>\n\t\t\t<\/div>\n\t\t\t\n\t\t\t\t\t\t<div class=\"elementor-icon-box-content\">\n\n\t\t\t\t\t\t\t\t\t<h4 class=\"elementor-icon-box-title\">\n\t\t\t\t\t\t<span  >\n\t\t\t\t\t\t\tFacile \u00e0 utiliser\t\t\t\t\t\t<\/span>\n\t\t\t\t\t<\/h4>\n\t\t\t\t\n\t\t\t\t\t\t\t\t\t<p class=\"elementor-icon-box-description\">\n\t\t\t\t\t\tPour commencer, rien de plus simple. Pas de formulaires compliqu\u00e9s ou de longs profils, il suffit de se lancer et de commencer \u00e0 discuter.\t\t\t\t\t<\/p>\n\t\t\t\t\n\t\t\t<\/div>\n\t\t\t\n\t\t<\/div>\n\t\t\t\t\t\t<\/div>\n\t\t\t\t<\/div>\n\t\t\t\t<div class=\"elementor-element elementor-element-a15fefc elementor-position-inline-start elementor-view-default elementor-mobile-position-block-start elementor-widget elementor-widget-icon-box\" data-id=\"a15fefc\" data-element_type=\"widget\" data-e-type=\"widget\" data-widget_type=\"icon-box.default\">\n\t\t\t\t<div class=\"elementor-widget-container\">\n\t\t\t\t\t\t\t<div class=\"elementor-icon-box-wrapper\">\n\n\t\t\t\t\t\t<div class=\"elementor-icon-box-icon\">\n\t\t\t\t<span  class=\"elementor-icon\">\n\t\t\t\t<i aria-hidden=\"true\" class=\"fas fa-arrow-right\"><\/i>\t\t\t\t<\/span>\n\t\t\t<\/div>\n\t\t\t\n\t\t\t\t\t\t<div class=\"elementor-icon-box-content\">\n\n\t\t\t\t\t\t\t\t\t<h4 class=\"elementor-icon-box-title\">\n\t\t\t\t\t\t<span  >\n\t\t\t\t\t\t\tS\u00fbr et priv\u00e9\t\t\t\t\t\t<\/span>\n\t\t\t\t\t<\/h4>\n\t\t\t\t\n\t\t\t\t\t\t\t\t\t<p class=\"elementor-icon-box-description\">\n\t\t\t\t\t\tVotre vie priv\u00e9e est notre priorit\u00e9. Camzey prot\u00e8ge vos informations personnelles et vous donne le contr\u00f4le de vos interactions.\t\t\t\t\t<\/p>\n\t\t\t\t\n\t\t\t<\/div>\n\t\t\t\n\t\t<\/div>\n\t\t\t\t\t\t<\/div>\n\t\t\t\t<\/div>\n\t\t\t\t<\/div>\n\t\t<div class=\"elementor-element elementor-element-94bb31e e-con-full e-flex e-con e-child\" data-id=\"94bb31e\" data-element_type=\"container\" data-e-type=\"container\" data-settings=\"{&quot;_ha_eqh_enable&quot;:false}\">\n\t\t\t\t<div class=\"elementor-element elementor-element-4643062 elementor-position-inline-start elementor-view-default elementor-mobile-position-block-start elementor-widget elementor-widget-icon-box\" data-id=\"4643062\" data-element_type=\"widget\" data-e-type=\"widget\" data-widget_type=\"icon-box.default\">\n\t\t\t\t<div class=\"elementor-widget-container\">\n\t\t\t\t\t\t\t<div class=\"elementor-icon-box-wrapper\">\n\n\t\t\t\t\t\t<div class=\"elementor-icon-box-icon\">\n\t\t\t\t<span  class=\"elementor-icon\">\n\t\t\t\t<i aria-hidden=\"true\" class=\"fas fa-arrow-right\"><\/i>\t\t\t\t<\/span>\n\t\t\t<\/div>\n\t\t\t\n\t\t\t\t\t\t<div class=\"elementor-icon-box-content\">\n\n\t\t\t\t\t\t\t\t\t<h4 class=\"elementor-icon-box-title\">\n\t\t\t\t\t\t<span  >\n\t\t\t\t\t\t\tAmusant et accueillant\t\t\t\t\t\t<\/span>\n\t\t\t\t\t<\/h4>\n\t\t\t\t\n\t\t\t\t\t\t\t\t\t<p class=\"elementor-icon-box-description\">\n\t\t\t\t\t\tQue vous soyez novice en mati\u00e8re de rencontres en ligne ou un professionnel chevronn\u00e9, Camzey est con\u00e7u pour \u00eatre amusant, amical et inclusif.\t\t\t\t\t<\/p>\n\t\t\t\t\n\t\t\t<\/div>\n\t\t\t\n\t\t<\/div>\n\t\t\t\t\t\t<\/div>\n\t\t\t\t<\/div>\n\t\t\t\t<\/div>\n\t\t\t\t<\/div>\n\t\t\t\t<\/div>\n\t\t\t\t\t<\/div>\n\t\t\t\t<\/div>\n\t\t<div class=\"elementor-element elementor-element-a1fabfb e-flex e-con-boxed e-con e-parent\" data-id=\"a1fabfb\" data-element_type=\"container\" data-e-type=\"container\" data-settings=\"{&quot;_ha_eqh_enable&quot;:false}\">\n\t\t\t\t\t<div class=\"e-con-inner\">\n\t\t\t\t\t<\/div>\n\t\t\t\t<\/div>\n\t\t\t\t<\/div>","protected":false},"excerpt":{"rendered":"<p>About Us We connect individuals seeking love, friendship, and real conversations. Welcome to Camzey&#8211; your gateway to meeting new people, forging connections, and exploring the world of online video dating. In a digital age where real, meaningful interactions matter more than ever, Camzey brings singles together from all walks of life, making it easy and [&hellip;]<\/p>\n","protected":false},"author":2,"featured_media":0,"parent":0,"menu_order":0,"comment_status":"closed","ping_status":"closed","template":"","meta":{"om_disable_all_campaigns":false,"_monsterinsights_skip_tracking":false,"_monsterinsights_sitenote_active":false,"_monsterinsights_sitenote_note":"","_monsterinsights_sitenote_category":0,"site-sidebar-layout":"no-sidebar","site-content-layout":"page-builder","ast-site-content-layout":"full-width-container","site-content-style":"unboxed","site-sidebar-style":"unboxed","ast-global-header-display":"","ast-banner-title-visibility":"","ast-main-header-display":"","ast-hfb-above-header-display":"","ast-hfb-below-header-display":"","ast-hfb-mobile-header-display":"","site-post-title":"","ast-breadcrumbs-content":"disabled","ast-featured-img":"disabled","footer-sml-layout":"","ast-disable-related-posts":"","theme-transparent-header-meta":"enabled","adv-header-id-meta":"","stick-header-meta":"","header-above-stick-meta":"","header-main-stick-meta":"","header-below-stick-meta":"","astra-migrate-meta-layouts":"set","ast-page-background-enabled":"default","ast-page-background-meta":{"desktop":{"background-color":"","background-image":"","background-repeat":"repeat","background-position":"center center","background-size":"auto","background-attachment":"scroll","background-type":"","background-media":"","overlay-type":"","overlay-color":"","overlay-opacity":"","overlay-gradient":""},"tablet":{"background-color":"","background-image":"","background-repeat":"repeat","background-position":"center center","background-size":"auto","background-attachment":"scroll","background-type":"","background-media":"","overlay-type":"","overlay-color":"","overlay-opacity":"","overlay-gradient":""},"mobile":{"background-color":"","background-image":"","background-repeat":"repeat","background-position":"center center","background-size":"auto","background-attachment":"scroll","background-type":"","background-media":"","overlay-type":"","overlay-color":"","overlay-opacity":"","overlay-gradient":""}},"ast-content-background-meta":{"desktop":{"background-color":"var(--ast-global-color-5)","background-image":"","background-repeat":"repeat","background-position":"center center","background-size":"auto","background-attachment":"scroll","background-type":"","background-media":"","overlay-type":"","overlay-color":"","overlay-opacity":"","overlay-gradient":""},"tablet":{"background-color":"var(--ast-global-color-5)","background-image":"","background-repeat":"repeat","background-position":"center center","background-size":"auto","background-attachment":"scroll","background-type":"","background-media":"","overlay-type":"","overlay-color":"","overlay-opacity":"","overlay-gradient":""},"mobile":{"background-color":"var(--ast-global-color-5)","background-image":"","background-repeat":"repeat","background-position":"center center","background-size":"auto","background-attachment":"scroll","background-type":"","background-media":"","overlay-type":"","overlay-color":"","overlay-opacity":"","overlay-gradient":""}},"footnotes":""},"class_list":["post-1188","page","type-page","status-publish","hentry"],"yoast_head":"<!-- This site is optimized with the Yoast SEO plugin v27.4 - https:\/\/yoast.com\/product\/yoast-seo-wordpress\/ -->\n<title>About - camzey.us<\/title>\n<meta name=\"robots\" content=\"index, follow, max-snippet:-1, max-image-preview:large, max-video-preview:-1\" \/>\n<link rel=\"canonical\" href=\"https:\/\/camzey.us\/fr\/about\/\" \/>\n<meta property=\"og:locale\" content=\"fr_FR\" \/>\n<meta property=\"og:type\" content=\"article\" \/>\n<meta property=\"og:title\" content=\"About - camzey.us\" \/>\n<meta property=\"og:description\" content=\"About Us We connect individuals seeking love, friendship, and real conversations. Welcome to Camzey&#8211; your gateway to meeting new people, forging connections, and exploring the world of online video dating. In a digital age where real, meaningful interactions matter more than ever, Camzey brings singles together from all walks of life, making it easy and [&hellip;]\" \/>\n<meta property=\"og:url\" content=\"https:\/\/camzey.us\/fr\/about\/\" \/>\n<meta property=\"og:site_name\" content=\"camzey.us\" \/>\n<meta property=\"article:modified_time\" content=\"2026-03-18T14:13:55+00:00\" \/>\n<meta property=\"og:image\" content=\"https:\/\/camzey.us\/wp-content\/uploads\/2026\/02\/couple-love-scaled.jpg\" \/>\n\t<meta property=\"og:image:width\" content=\"2560\" \/>\n\t<meta property=\"og:image:height\" content=\"1707\" \/>\n\t<meta property=\"og:image:type\" content=\"image\/jpeg\" \/>\n<meta name=\"twitter:card\" content=\"summary_large_image\" \/>\n<meta name=\"twitter:label1\" content=\"Dur\u00e9e de lecture estim\u00e9e\" \/>\n\t<meta name=\"twitter:data1\" content=\"1 minute\" \/>\n<script type=\"application\/ld+json\" class=\"yoast-schema-graph\">{\"@context\":\"https:\\\/\\\/schema.org\",\"@graph\":[{\"@type\":\"WebPage\",\"@id\":\"https:\\\/\\\/camzey.us\\\/about\\\/\",\"url\":\"https:\\\/\\\/camzey.us\\\/about\\\/\",\"name\":\"About - camzey.us\",\"isPartOf\":{\"@id\":\"https:\\\/\\\/camzey.us\\\/#website\"},\"primaryImageOfPage\":{\"@id\":\"https:\\\/\\\/camzey.us\\\/about\\\/#primaryimage\"},\"image\":{\"@id\":\"https:\\\/\\\/camzey.us\\\/about\\\/#primaryimage\"},\"thumbnailUrl\":\"https:\\\/\\\/camzey.us\\\/wp-content\\\/uploads\\\/2026\\\/02\\\/couple-love-scaled.jpg\",\"datePublished\":\"2026-02-02T19:16:21+00:00\",\"dateModified\":\"2026-03-18T14:13:55+00:00\",\"breadcrumb\":{\"@id\":\"https:\\\/\\\/camzey.us\\\/about\\\/#breadcrumb\"},\"inLanguage\":\"fr-FR\",\"potentialAction\":[{\"@type\":\"ReadAction\",\"target\":[\"https:\\\/\\\/camzey.us\\\/about\\\/\"]}]},{\"@type\":\"ImageObject\",\"inLanguage\":\"fr-FR\",\"@id\":\"https:\\\/\\\/camzey.us\\\/about\\\/#primaryimage\",\"url\":\"https:\\\/\\\/camzey.us\\\/wp-content\\\/uploads\\\/2026\\\/02\\\/couple-love-scaled.jpg\",\"contentUrl\":\"https:\\\/\\\/camzey.us\\\/wp-content\\\/uploads\\\/2026\\\/02\\\/couple-love-scaled.jpg\"},{\"@type\":\"BreadcrumbList\",\"@id\":\"https:\\\/\\\/camzey.us\\\/about\\\/#breadcrumb\",\"itemListElement\":[{\"@type\":\"ListItem\",\"position\":1,\"name\":\"Home\",\"item\":\"https:\\\/\\\/camzey.us\\\/\"},{\"@type\":\"ListItem\",\"position\":2,\"name\":\"About\"}]},{\"@type\":\"WebSite\",\"@id\":\"https:\\\/\\\/camzey.us\\\/#website\",\"url\":\"https:\\\/\\\/camzey.us\\\/\",\"name\":\"camzey.us\",\"description\":\"\",\"potentialAction\":[{\"@type\":\"SearchAction\",\"target\":{\"@type\":\"EntryPoint\",\"urlTemplate\":\"https:\\\/\\\/camzey.us\\\/?s={search_term_string}\"},\"query-input\":{\"@type\":\"PropertyValueSpecification\",\"valueRequired\":true,\"valueName\":\"search_term_string\"}}],\"inLanguage\":\"fr-FR\"}]}<\/script>\n<!-- \/ Yoast SEO plugin. -->","yoast_head_json":{"title":"\u00c0 propos - camzey.us","robots":{"index":"index","follow":"follow","max-snippet":"max-snippet:-1","max-image-preview":"max-image-preview:large","max-video-preview":"max-video-preview:-1"},"canonical":"https:\/\/camzey.us\/fr\/about\/","og_locale":"fr_FR","og_type":"article","og_title":"About - camzey.us","og_description":"About Us We connect individuals seeking love, friendship, and real conversations. Welcome to Camzey&#8211; your gateway to meeting new people, forging connections, and exploring the world of online video dating. In a digital age where real, meaningful interactions matter more than ever, Camzey brings singles together from all walks of life, making it easy and [&hellip;]","og_url":"https:\/\/camzey.us\/fr\/about\/","og_site_name":"camzey.us","article_modified_time":"2026-03-18T14:13:55+00:00","og_image":[{"width":2560,"height":1707,"url":"https:\/\/camzey.us\/wp-content\/uploads\/2026\/02\/couple-love-scaled.jpg","type":"image\/jpeg"}],"twitter_card":"summary_large_image","twitter_misc":{"Dur\u00e9e de lecture estim\u00e9e":"1 minute"},"schema":{"@context":"https:\/\/schema.org","@graph":[{"@type":"WebPage","@id":"https:\/\/camzey.us\/about\/","url":"https:\/\/camzey.us\/about\/","name":"\u00c0 propos - camzey.us","isPartOf":{"@id":"https:\/\/camzey.us\/#website"},"primaryImageOfPage":{"@id":"https:\/\/camzey.us\/about\/#primaryimage"},"image":{"@id":"https:\/\/camzey.us\/about\/#primaryimage"},"thumbnailUrl":"https:\/\/camzey.us\/wp-content\/uploads\/2026\/02\/couple-love-scaled.jpg","datePublished":"2026-02-02T19:16:21+00:00","dateModified":"2026-03-18T14:13:55+00:00","breadcrumb":{"@id":"https:\/\/camzey.us\/about\/#breadcrumb"},"inLanguage":"fr-FR","potentialAction":[{"@type":"ReadAction","target":["https:\/\/camzey.us\/about\/"]}]},{"@type":"ImageObject","inLanguage":"fr-FR","@id":"https:\/\/camzey.us\/about\/#primaryimage","url":"https:\/\/camzey.us\/wp-content\/uploads\/2026\/02\/couple-love-scaled.jpg","contentUrl":"https:\/\/camzey.us\/wp-content\/uploads\/2026\/02\/couple-love-scaled.jpg"},{"@type":"BreadcrumbList","@id":"https:\/\/camzey.us\/about\/#breadcrumb","itemListElement":[{"@type":"ListItem","position":1,"name":"Home","item":"https:\/\/camzey.us\/"},{"@type":"ListItem","position":2,"name":"About"}]},{"@type":"WebSite","@id":"https:\/\/camzey.us\/#website","url":"https:\/\/camzey.us\/","name":"camzey.us","description":"","potentialAction":[{"@type":"SearchAction","target":{"@type":"EntryPoint","urlTemplate":"https:\/\/camzey.us\/?s={search_term_string}"},"query-input":{"@type":"PropertyValueSpecification","valueRequired":true,"valueName":"search_term_string"}}],"inLanguage":"fr-FR"}]}},"_hostinger_reach_plugin_has_subscription_block":false,"_hostinger_reach_plugin_is_elementor":false,"_links":{"self":[{"href":"https:\/\/camzey.us\/fr\/wp-json\/wp\/v2\/pages\/1188","targetHints":{"allow":["GET"]}}],"collection":[{"href":"https:\/\/camzey.us\/fr\/wp-json\/wp\/v2\/pages"}],"about":[{"href":"https:\/\/camzey.us\/fr\/wp-json\/wp\/v2\/types\/page"}],"author":[{"embeddable":true,"href":"https:\/\/camzey.us\/fr\/wp-json\/wp\/v2\/users\/2"}],"replies":[{"embeddable":true,"href":"https:\/\/camzey.us\/fr\/wp-json\/wp\/v2\/comments?post=1188"}],"version-history":[{"count":43,"href":"https:\/\/camzey.us\/fr\/wp-json\/wp\/v2\/pages\/1188\/revisions"}],"predecessor-version":[{"id":1827,"href":"https:\/\/camzey.us\/fr\/wp-json\/wp\/v2\/pages\/1188\/revisions\/1827"}],"wp:attachment":[{"href":"https:\/\/camzey.us\/fr\/wp-json\/wp\/v2\/media?parent=1188"}],"curies":[{"name":"wp","href":"https:\/\/api.w.org\/{rel}","templated":true}]}}