{"id":1446,"date":"2026-02-06T12:18:30","date_gmt":"2026-02-06T12:18:30","guid":{"rendered":"https:\/\/camzey.us\/?page_id=1446"},"modified":"2026-04-14T15:24:05","modified_gmt":"2026-04-14T15:24:05","slug":"chatville","status":"publish","type":"page","link":"https:\/\/camzey.us\/pt\/chatville\/","title":{"rendered":"Chatville"},"content":{"rendered":"<style>\n\/* --- Brand Variables --- *\/\n:root {\n  --camzey-pink: #ff007f;\n  --camzey-pink-hover: #ff1a8c;\n}\n\n\/* Updated Wrap to handle centering and justification *\/\n.camzey-review-wrap {\n  font-family: system-ui, -apple-system, Segoe UI, Roboto, Arial, sans-serif;\n  line-height: 1.6;\n  color: #111;\n  margin: 24px 0;\n  display: flex;\n  justify-content: center;\n}\n\n.camzey-review-card {\n  border: 1px solid #e7e7e7;\n  border-radius: 16px;\n  padding: 22px;\n  background: #fff;\n  box-shadow: 0 6px 18px rgba(0,0,0,.05);\n  max-width: 800px;\n  width: 100%;\n  margin: 0 auto;\n}\n\n.camzey-review-title { font-size: 28px; line-height: 1.2; margin: 0 0 10px; }\n\n\/* Applying text justification *\/\n.camzey-review-intro, .camzey-review-card p { \n  margin: 0 0 18px; \n  color: #333; \n  text-align: justify; \n}\n\n.camzey-review-grid { display: grid; grid-template-columns: repeat(2, minmax(0, 1fr)); gap: 12px; margin: 14px 0 8px; }\n.camzey-pill { border: 1px solid #ececec; border-radius: 12px; padding: 12px; }\n.camzey-pill b { display: block; font-size: 12px; letter-spacing: .04em; text-transform: uppercase; color: #666; margin-bottom: 4px; }\n.camzey-rating { font-size: 18px; }\n.camzey-review-h2 { font-size: 20px; margin: 22px 0 10px; }\n.camzey-list { padding-left: 18px; margin: 10px 0; list-style-type: none; }\n.camzey-procons { display: grid; grid-template-columns: repeat(2, minmax(0, 1fr)); gap: 14px; margin-top: 10px; }\n.camzey-pros, .camzey-cons { border: 1px solid #ececec; border-radius: 14px; padding: 14px; }\n.camzey-pros h3, .camzey-cons h3 { margin: 0 0 8px; font-size: 16px; }\n.camzey-pros h3 { color: #0a7a2f; }\n.camzey-cons h3 { color: #b00020; }\n\n.camzey-callout { border-radius: 16px; padding: 24px; background: #fff0f7; border: 1px solid #ffdaec; margin-top: 18px; text-align: center; }\n.camzey-note { font-size: 12.5px; color: #666; margin-top: 14px; }\n\n.camzey-cta {\n  display: inline-flex;\n  align-items: center;\n  justify-content: center;\n  margin-top: 16px;\n  padding: 14px 42px;\n  border-radius: 999px;\n  background: var(--camzey-pink);\n  color: #fff !important;\n  text-decoration: none;\n  font-weight: 700;\n  font-size: 18px;\n  box-shadow: 0 8px 18px rgba(255, 0, 127, 0.3);\n  transition: transform 160ms ease, box-shadow 160ms ease, filter 160ms ease;\n  border: none;\n  cursor: pointer;\n}\n\n.camzey-cta:hover {\n  transform: translateY(-2px);\n  box-shadow: 0 12px 24px rgba(255, 0, 127, 0.4);\n  filter: brightness(1.1);\n}\n\n.text-pink { color: var(--camzey-pink); font-weight: 600; }\n\n@media (max-width:700px){\n  .camzey-review-grid, .camzey-procons { grid-template-columns: 1fr; }\n  .camzey-review-title { font-size: 24px; }\n  .camzey-cta { width: 100%; padding: 14px 20px; }\n}\n<\/style>\n\n<div class=\"camzey-review-wrap\">\n  <div class=\"camzey-review-card\">\n\n    <h1 class=\"camzey-review-title\">Chatville<\/h1>\n    <p class=\"camzey-review-intro\">\n      Chatville \u00e9 uma comunidade de longa data baseada em webcam que se diferencia dos bate-papos aleat\u00f3rios t\u00edpicos por se concentrar em salas com v\u00e1rios usu\u00e1rios e em uma experi\u00eancia de galeria social. \u00c9 um centro de intera\u00e7\u00f5es de grupo em que os usu\u00e1rios podem transmitir para muitos ou participar de trocas privadas baseadas em tokens.\n    <\/p>\n\n    <div class=\"camzey-review-grid\">\n      <div class=\"camzey-pill\">\n        <b>Melhor para<\/b>\n        <span>Salas de c\u00e2mera para grupos de v\u00e1rios usu\u00e1rios e galerias sociais tem\u00e1ticas<\/span>\n      <\/div>\n      <div class=\"camzey-pill\">\n        <b>Restri\u00e7\u00e3o de idade<\/b>\n        <span>18+ (conte\u00fado expl\u00edcito comum)<\/span>\n      <\/div>\n      <div class=\"camzey-pill\">\n        <b>Registrar-se<\/b>\n        <span>Opcional (conta necess\u00e1ria para tokens ou mensagens privadas)<\/span>\n      <\/div>\n      <div class=\"camzey-pill\">\n        <b>Nossa classifica\u00e7\u00e3o<\/b>\n        <span class=\"camzey-rating\">\u2605\u2605\u2605\u2606\u2606<\/span>\n      <\/div>\n    <\/div>\n\n    <h2 class=\"camzey-review-h2\">O que \u00e9 Chatville em 2026?<\/h2>\n    <p>\n      O Chatville funciona mais como uma festa virtual do que como um simples v\u00eddeo casamenteiro. Em 2026, ele continua popular por sua <b>Galeria de c\u00e2meras<\/b>, onde at\u00e9 16 usu\u00e1rios podem transmitir simultaneamente em uma \u00fanica sala. Ele opera em uma plataforma baseada em navegador, o que significa que n\u00e3o h\u00e1 aplicativo a ser instalado. Embora ofere\u00e7a acesso para convidados, a economia do site gira em torno de um <b>sistema de tokens<\/b> onde os usu\u00e1rios compram tokens para enviar presentes virtuais, dar dicas aos transmissores ou desbloquear sess\u00f5es privadas individuais. \u00c9 um espa\u00e7o de alta energia, muitas vezes ca\u00f3tico, voltado para adultos, para aqueles que gostam de ter um p\u00fablico.\n    <\/p>\n\n    <h2 class=\"camzey-review-h2\">Principais recursos<\/h2>\n    <ul class=\"camzey-list\">\n      <li>Salas com v\u00e1rias c\u00e2meras: Participe de galerias para assistir e interagir com v\u00e1rias emissoras ao mesmo tempo.<\/li>\n      <li>Presentes e tokens virtuais: Uma economia na plataforma para apoiar suas emissoras favoritas ou desbloquear vantagens.<\/li>\n      <li>Hubs de bate-papo tem\u00e1ticos: Encontre salas dedicadas a interesses espec\u00edficos, idiomas ou faixas et\u00e1rias.<\/li>\n      <li>Chamadas de v\u00eddeo privadas: Transi\u00e7\u00e3o de uma sala p\u00fablica para uma sess\u00e3o privada e criptografada de um para um.<\/li>\n      <li>Amigos e mensagens: Ao contr\u00e1rio dos sites de roleta, o Chatville permite que voc\u00ea crie uma lista de amigos e mantenha contato.<\/li>\n      <li>Transmita voc\u00ea mesmo: As ferramentas de streaming de baixa lat\u00eancia permitem que qualquer usu\u00e1rio transmita ao vivo para a comunidade.<\/li>\n    <\/ul>\n\n    <div class=\"camzey-procons\">\n      <div class=\"camzey-pros\">\n        <h3>Pr\u00f3s<\/h3>\n        <ul class=\"camzey-list\">\n          <li>\u00d3timo para extrovertidos que gostam de transmitir para um grupo.<\/li>\n          <li>Salas tem\u00e1ticas ativas significam que voc\u00ea pode encontrar subculturas espec\u00edficas facilmente.<\/li>\n          <li>N\u00e3o \u00e9 necess\u00e1rio fazer download; funciona sem problemas em navegadores m\u00f3veis e de desktop.<\/li>\n          <li>Modelo h\u00edbrido: oferece bate-papo p\u00fablico em grupo e privado individual.<\/li>\n        <\/ul>\n      <\/div>\n      <div class=\"camzey-cons\">\n        <h3>Contras<\/h3>\n        <ul class=\"camzey-list\">\n          <li>Modera\u00e7\u00e3o ca\u00f3tica: As salas p\u00fablicas podem frequentemente hospedar trolls ou conte\u00fado expl\u00edcito.<\/li>\n          <li>Pay to Play: muitos dos melhores recursos e da privacidade privada exigem tokens.<\/li>\n          <li>A privacidade \u00e9 menor em configura\u00e7\u00f5es de grupo do que em bate-papos aleat\u00f3rios individuais.<\/li>\n          <li>A interface pode parecer desordenada com presentes, \u00edcones e v\u00e1rias janelas.<\/li>\n          <li>N\u00e3o \u00e9 ideal para usu\u00e1rios que procuram partidas 1 contra 1 r\u00e1pidas e an\u00f4nimas.<\/li>\n        <\/ul>\n      <\/div>\n    <\/div>\n\n    <h2 class=\"camzey-review-h2\">Chatville \u00e9 seguro?<\/h2>\n    <p>\n      O Chatville usa uma combina\u00e7\u00e3o de filtros automatizados e relat\u00f3rios da comunidade. No entanto, como a plataforma \u00e9 voltada para adultos e baseada em grupos, os usu\u00e1rios s\u00e3o mais p\u00fablicos do que em outros sites. Se voc\u00ea optar por usar a c\u00e2mera, saiba que estar\u00e1 vis\u00edvel para todos na sala. Sempre tome cuidado com os usu\u00e1rios que prometem tokens gratuitos ou que solicitam pagamentos externos, como o PayPal. Se voc\u00ea se registrar, use uma senha exclusiva e evite vincular m\u00eddias sociais que contenham sua identidade real.\n    <\/p>\n\n    <h2 class=\"camzey-review-h2\">Chatville x <span class=\"text-pink\">Camzey.us<\/span><\/h2>\n    <ul class=\"camzey-list\">\n      <li><b>Privacidade:<\/b> <b class=\"text-pink\">Camzey.us<\/b> se concentra em 100% bate-papos privados 1 a 1; o Chatville \u00e9 principalmente p\u00fablico e baseado em galerias.<\/li>\n      <li><b>Simplicidade:<\/b> <b class=\"text-pink\">Camzey.us<\/b> tem uma interface moderna e limpa; o Chatville \u00e9 complexo, com tokens e janelas para v\u00e1rios usu\u00e1rios.<\/li>\n      <li><b>Modera\u00e7\u00e3o:<\/b> <b class=\"text-pink\">Camzey.us<\/b> usa IA proativa e em tempo real para filtrar o conte\u00fado; o Chatville \u00e9 moderado principalmente pela comunidade.<\/li>\n      <li><b>Custo:<\/b> <b class=\"text-pink\">Camzey.us<\/b> oferece recursos criativos, como tradu\u00e7\u00e3o, gratuitamente; o Chatville bloqueia muitos recursos por meio de tokens.<\/li>\n    <\/ul>\n\n    <div class=\"camzey-callout\">\n      <h2 class=\"camzey-review-h2\" style=\"margin-top:0\">Procurando um bate-papo privado com webcam da pr\u00f3xima gera\u00e7\u00e3o?<\/h2>\n      <p style=\"margin:0\">\n        Se voc\u00ea gosta de v\u00eddeos em grupo, mas deseja <b>privacidade real e recursos de ponta<\/b>, <b class=\"text-pink\">Camzey.us<\/b> leva o bate-papo com webcam para o pr\u00f3ximo n\u00edvel, oferecendo zero problemas de registro e seguran\u00e7a mais inteligente.\n      <\/p>\n      <a class=\"camzey-cta\" href=\"https:\/\/camzey.us\/pt\/cs\/\" target=\"_blank\" rel=\"noopener noreferrer\">Participe do bate-papo<\/a>\n      <div class=\"camzey-note\">Bate-papo por v\u00eddeo aleat\u00f3rio genu\u00edno, seguro e moderno, sem necessidade de registro!<\/div>\n    <\/div>\n\n  <\/div>\n<\/div>","protected":false},"excerpt":{"rendered":"<p>Chatville Chatville is a long standing webcam based community that differentiates itself from typical random chats by focusing on multi user rooms and a social gallery experience. It is a hub for group interactions where users can broadcast to many or engage in private tokens based exchanges. Best for Multi user group cam rooms and [&hellip;]<\/p>\n","protected":false},"author":2,"featured_media":0,"parent":0,"menu_order":0,"comment_status":"closed","ping_status":"closed","template":"","meta":{"om_disable_all_campaigns":false,"_monsterinsights_skip_tracking":false,"_monsterinsights_sitenote_active":false,"_monsterinsights_sitenote_note":"","_monsterinsights_sitenote_category":0,"site-sidebar-layout":"default","site-content-layout":"","ast-site-content-layout":"default","site-content-style":"default","site-sidebar-style":"default","ast-global-header-display":"","ast-banner-title-visibility":"","ast-main-header-display":"","ast-hfb-above-header-display":"","ast-hfb-below-header-display":"","ast-hfb-mobile-header-display":"","site-post-title":"","ast-breadcrumbs-content":"","ast-featured-img":"","footer-sml-layout":"","ast-disable-related-posts":"","theme-transparent-header-meta":"","adv-header-id-meta":"","stick-header-meta":"","header-above-stick-meta":"","header-main-stick-meta":"","header-below-stick-meta":"","astra-migrate-meta-layouts":"set","ast-page-background-enabled":"default","ast-page-background-meta":{"desktop":{"background-color":"","background-image":"","background-repeat":"repeat","background-position":"center center","background-size":"auto","background-attachment":"scroll","background-type":"","background-media":"","overlay-type":"","overlay-color":"","overlay-opacity":"","overlay-gradient":""},"tablet":{"background-color":"","background-image":"","background-repeat":"repeat","background-position":"center center","background-size":"auto","background-attachment":"scroll","background-type":"","background-media":"","overlay-type":"","overlay-color":"","overlay-opacity":"","overlay-gradient":""},"mobile":{"background-color":"","background-image":"","background-repeat":"repeat","background-position":"center center","background-size":"auto","background-attachment":"scroll","background-type":"","background-media":"","overlay-type":"","overlay-color":"","overlay-opacity":"","overlay-gradient":""}},"ast-content-background-meta":{"desktop":{"background-color":"var(--ast-global-color-5)","background-image":"","background-repeat":"repeat","background-position":"center center","background-size":"auto","background-attachment":"scroll","background-type":"","background-media":"","overlay-type":"","overlay-color":"","overlay-opacity":"","overlay-gradient":""},"tablet":{"background-color":"var(--ast-global-color-5)","background-image":"","background-repeat":"repeat","background-position":"center center","background-size":"auto","background-attachment":"scroll","background-type":"","background-media":"","overlay-type":"","overlay-color":"","overlay-opacity":"","overlay-gradient":""},"mobile":{"background-color":"var(--ast-global-color-5)","background-image":"","background-repeat":"repeat","background-position":"center center","background-size":"auto","background-attachment":"scroll","background-type":"","background-media":"","overlay-type":"","overlay-color":"","overlay-opacity":"","overlay-gradient":""}},"footnotes":""},"class_list":["post-1446","page","type-page","status-publish","hentry"],"yoast_head":"<!-- This site is optimized with the Yoast SEO plugin v27.4 - https:\/\/yoast.com\/product\/yoast-seo-wordpress\/ -->\n<title>Chatville - camzey.us<\/title>\n<meta name=\"description\" content=\"Learn about Chatville\u2019s group chat and public webcam galleries, and explore Camzey.us as a one-on-one video chat alternative.\" \/>\n<meta name=\"robots\" content=\"index, follow, max-snippet:-1, max-image-preview:large, max-video-preview:-1\" \/>\n<link rel=\"canonical\" href=\"https:\/\/camzey.us\/pt\/chatville\/\" \/>\n<meta property=\"og:locale\" content=\"pt_BR\" \/>\n<meta property=\"og:type\" content=\"article\" \/>\n<meta property=\"og:title\" content=\"Chatville - camzey.us\" \/>\n<meta property=\"og:description\" content=\"Learn about Chatville\u2019s group chat and public webcam galleries, and explore Camzey.us as a one-on-one video chat alternative.\" \/>\n<meta property=\"og:url\" content=\"https:\/\/camzey.us\/pt\/chatville\/\" \/>\n<meta property=\"og:site_name\" content=\"camzey.us\" \/>\n<meta property=\"article:modified_time\" content=\"2026-04-14T15:24:05+00:00\" \/>\n<meta name=\"twitter:card\" content=\"summary_large_image\" \/>\n<meta name=\"twitter:label1\" content=\"Est. tempo de leitura\" \/>\n\t<meta name=\"twitter:data1\" content=\"3 minutos\" \/>\n<script type=\"application\/ld+json\" class=\"yoast-schema-graph\">{\"@context\":\"https:\\\/\\\/schema.org\",\"@graph\":[{\"@type\":\"WebPage\",\"@id\":\"https:\\\/\\\/camzey.us\\\/chatville\\\/\",\"url\":\"https:\\\/\\\/camzey.us\\\/chatville\\\/\",\"name\":\"Chatville - camzey.us\",\"isPartOf\":{\"@id\":\"https:\\\/\\\/camzey.us\\\/#website\"},\"datePublished\":\"2026-02-06T12:18:30+00:00\",\"dateModified\":\"2026-04-14T15:24:05+00:00\",\"description\":\"Learn about Chatville\u2019s group chat and public webcam galleries, and explore Camzey.us as a one-on-one video chat alternative.\",\"breadcrumb\":{\"@id\":\"https:\\\/\\\/camzey.us\\\/chatville\\\/#breadcrumb\"},\"inLanguage\":\"pt-BR\",\"potentialAction\":[{\"@type\":\"ReadAction\",\"target\":[\"https:\\\/\\\/camzey.us\\\/chatville\\\/\"]}]},{\"@type\":\"BreadcrumbList\",\"@id\":\"https:\\\/\\\/camzey.us\\\/chatville\\\/#breadcrumb\",\"itemListElement\":[{\"@type\":\"ListItem\",\"position\":1,\"name\":\"Home\",\"item\":\"https:\\\/\\\/camzey.us\\\/\"},{\"@type\":\"ListItem\",\"position\":2,\"name\":\"Chatville\"}]},{\"@type\":\"WebSite\",\"@id\":\"https:\\\/\\\/camzey.us\\\/#website\",\"url\":\"https:\\\/\\\/camzey.us\\\/\",\"name\":\"camzey.us\",\"description\":\"\",\"potentialAction\":[{\"@type\":\"SearchAction\",\"target\":{\"@type\":\"EntryPoint\",\"urlTemplate\":\"https:\\\/\\\/camzey.us\\\/?s={search_term_string}\"},\"query-input\":{\"@type\":\"PropertyValueSpecification\",\"valueRequired\":true,\"valueName\":\"search_term_string\"}}],\"inLanguage\":\"pt-BR\"}]}<\/script>\n<!-- \/ Yoast SEO plugin. -->","yoast_head_json":{"title":"Chatville - camzey.us","description":"Conhe\u00e7a o bate-papo em grupo e as galerias p\u00fablicas de webcam do Chatville e explore o Camzey.us como uma alternativa de bate-papo por v\u00eddeo individual.","robots":{"index":"index","follow":"follow","max-snippet":"max-snippet:-1","max-image-preview":"max-image-preview:large","max-video-preview":"max-video-preview:-1"},"canonical":"https:\/\/camzey.us\/pt\/chatville\/","og_locale":"pt_BR","og_type":"article","og_title":"Chatville - camzey.us","og_description":"Learn about Chatville\u2019s group chat and public webcam galleries, and explore Camzey.us as a one-on-one video chat alternative.","og_url":"https:\/\/camzey.us\/pt\/chatville\/","og_site_name":"camzey.us","article_modified_time":"2026-04-14T15:24:05+00:00","twitter_card":"summary_large_image","twitter_misc":{"Est. tempo de leitura":"3 minutos"},"schema":{"@context":"https:\/\/schema.org","@graph":[{"@type":"WebPage","@id":"https:\/\/camzey.us\/chatville\/","url":"https:\/\/camzey.us\/chatville\/","name":"Chatville - camzey.us","isPartOf":{"@id":"https:\/\/camzey.us\/#website"},"datePublished":"2026-02-06T12:18:30+00:00","dateModified":"2026-04-14T15:24:05+00:00","description":"Conhe\u00e7a o bate-papo em grupo e as galerias p\u00fablicas de webcam do Chatville e explore o Camzey.us como uma alternativa de bate-papo por v\u00eddeo individual.","breadcrumb":{"@id":"https:\/\/camzey.us\/chatville\/#breadcrumb"},"inLanguage":"pt-BR","potentialAction":[{"@type":"ReadAction","target":["https:\/\/camzey.us\/chatville\/"]}]},{"@type":"BreadcrumbList","@id":"https:\/\/camzey.us\/chatville\/#breadcrumb","itemListElement":[{"@type":"ListItem","position":1,"name":"Home","item":"https:\/\/camzey.us\/"},{"@type":"ListItem","position":2,"name":"Chatville"}]},{"@type":"WebSite","@id":"https:\/\/camzey.us\/#website","url":"https:\/\/camzey.us\/","name":"camzey.us","description":"","potentialAction":[{"@type":"SearchAction","target":{"@type":"EntryPoint","urlTemplate":"https:\/\/camzey.us\/?s={search_term_string}"},"query-input":{"@type":"PropertyValueSpecification","valueRequired":true,"valueName":"search_term_string"}}],"inLanguage":"pt-BR"}]}},"_hostinger_reach_plugin_has_subscription_block":false,"_hostinger_reach_plugin_is_elementor":false,"_links":{"self":[{"href":"https:\/\/camzey.us\/pt\/wp-json\/wp\/v2\/pages\/1446","targetHints":{"allow":["GET"]}}],"collection":[{"href":"https:\/\/camzey.us\/pt\/wp-json\/wp\/v2\/pages"}],"about":[{"href":"https:\/\/camzey.us\/pt\/wp-json\/wp\/v2\/types\/page"}],"author":[{"embeddable":true,"href":"https:\/\/camzey.us\/pt\/wp-json\/wp\/v2\/users\/2"}],"replies":[{"embeddable":true,"href":"https:\/\/camzey.us\/pt\/wp-json\/wp\/v2\/comments?post=1446"}],"version-history":[{"count":3,"href":"https:\/\/camzey.us\/pt\/wp-json\/wp\/v2\/pages\/1446\/revisions"}],"predecessor-version":[{"id":1894,"href":"https:\/\/camzey.us\/pt\/wp-json\/wp\/v2\/pages\/1446\/revisions\/1894"}],"wp:attachment":[{"href":"https:\/\/camzey.us\/pt\/wp-json\/wp\/v2\/media?parent=1446"}],"curies":[{"name":"wp","href":"https:\/\/api.w.org\/{rel}","templated":true}]}}